{"id":2340,"date":"2026-03-31T10:55:38","date_gmt":"2026-03-31T10:55:38","guid":{"rendered":"https:\/\/hs.hybclient.com\/contact\/"},"modified":"2026-04-22T09:51:55","modified_gmt":"2026-04-22T09:51:55","slug":"contact","status":"publish","type":"page","link":"https:\/\/hs.hybclient.com\/fr\/contact\/","title":{"rendered":"Contact"},"content":{"rendered":"\t\t<div data-elementor-type=\"wp-page\" data-elementor-id=\"2340\" class=\"elementor elementor-2340 elementor-922\" data-elementor-post-type=\"page\">\n\t\t\t\t\t\t<div class=\"elementor-element elementor-element-b101a6c e-con e-atomic-element e-div-block-base theme-section e-b101a6c-b49cbbc hero-section\" data-id=\"b101a6c\" data-element_type=\"e-div-block\" data-e-type=\"e-div-block\" data-interaction-id=\"b101a6c\" data-e-type=\"e-div-block\" data-id=\"b101a6c\">\n\t\t\t\t<div class=\"elementor-element elementor-element-5b522af e-con e-atomic-element e-div-block-base theme-container e-5b522af-909dde3\" data-id=\"5b522af\" data-element_type=\"e-div-block\" data-e-type=\"e-div-block\" data-interaction-id=\"5b522af\" data-e-type=\"e-div-block\" data-id=\"5b522af\">\n\t\t\t\t\t\t\t<h1 \n\t\tdata-interaction-id=\"6285a04\" \n\t\tclass=\"hero-head e-6285a04-45d2eda e-heading-base\" \n\t\t \n\t\tdata-e-type=\"widget\" data-id=\"6285a04\"\n\t>\n\t\n\t\t\t<strong>Nous avons tout pr\u00e9vu<\/strong>\n\t\t<\/h1>\n\t\t\t\t\t\t\t\t<p class=\"theme-para e-4bd0666-8edacae e-paragraph-base\" data-interaction-id=\"4bd0666\"  data-e-type=\"widget\" data-id=\"4bd0666\">\n\t\t\t\t\t\t\t\tQue vous ayez besoin d\u2019assistance ou que vous souhaitiez d\u00e9marrer, nous ne sommes qu\u2019\u00e0 une \u00e9tape.\n\t\t\t\t\t<\/p>\n\t\t<div class=\"elementor-element elementor-element-d4aca3d e-grid e-con-full e-con e-parent\" data-id=\"d4aca3d\" data-element_type=\"container\" data-e-type=\"container\">\n\t\t\t\t<div class=\"elementor-element elementor-element-8d9ee08 e-con e-atomic-element e-div-block-base e-8d9ee08-88aaeb7\" data-id=\"8d9ee08\" data-element_type=\"e-div-block\" data-e-type=\"e-div-block\" data-interaction-id=\"8d9ee08\" data-e-type=\"e-div-block\" data-id=\"8d9ee08\">\n\t\t\t\t\t\t\t\n\t\t\t<img class=\"e-image-base e-0975db2-eb92feb\" \n\t\t\t\t\tdata-interaction-id=\"0975db2\" \n\t\t \n\t\t data-e-type=\"widget\" data-id=\"0975db2\"\n\t\t\t\t\t\t\t\t\tid=\"2335\"\n\t\t\t\t\t\t\t\t\t\t\t\tsrc=\"https:\/\/hs.hybclient.com\/wp-content\/uploads\/2026\/03\/Mouse-pointer-neel-blue-icon.svg\"\n\t\t\t\t\t\t\t\t\t\t\t\twidth=\"56\"\n\t\t\t\t\t\t\t\t\t\t\t\theight=\"56\"\n\t\t\t\t\t\t\t\t\t\t\t\tsrcset=\"\"\n\t\t\t\t\t\t\t\t\t\t\t\talt=\"ic\u00f4ne de pointeur de souris bleu neel\"\n\t\t\t\t\t\t\/>\n\t\t\t\t\t\t\t\t<h3 \n\t\tdata-interaction-id=\"ec230f2\" \n\t\tclass=\"e-ec230f2-2902faa e-heading-base\" \n\t\t \n\t\tdata-e-type=\"widget\" data-id=\"ec230f2\"\n\t>\n\t\n\t\t\t<strong>Vous utilisez d\u00e9j\u00e0 Hotel-Spider ?<\/strong>\n\t\t<\/h3>\n\t\t\t\t\t\t\t\t<p class=\"theme-para e-3844066-46494c0 e-paragraph-base\" data-interaction-id=\"3844066\"  data-e-type=\"widget\" data-id=\"3844066\">\n\t\t\t\t\t\t\t\tObtenez de l\u2019aide pour votre configuration, votre connectivit\u00e9 ou vos op\u00e9rations au quotidien.\n\t\t\t\t\t<\/p>\n\t\t\t\t\t    \t            <a\n            href=\"https:\/\/hotel-spider.zendesk.com\/hc\/\" target=\"_blank\"\n            class=\"no-bg-btn e-button-base\"\n            data-interaction-id=\"82e29d2\"\n             data-e-type=\"widget\" data-id=\"82e29d2\"\n        >\n            Acc\u00e9der au support\n        <\/a>\n    \t\t\t\t<\/div>\n\t\t\t\t<div class=\"elementor-element elementor-element-e797fb6 e-con e-atomic-element e-div-block-base e-e797fb6-1b849ec\" data-id=\"e797fb6\" data-element_type=\"e-div-block\" data-e-type=\"e-div-block\" data-interaction-id=\"e797fb6\" data-e-type=\"e-div-block\" data-id=\"e797fb6\">\n\t\t\t\t\t\t\t\n\t\t\t<img class=\"e-image-base e-41ff8cd-dafb64e\" \n\t\t\t\t\tdata-interaction-id=\"41ff8cd\" \n\t\t \n\t\t data-e-type=\"widget\" data-id=\"41ff8cd\"\n\t\t\t\t\t\t\t\t\tid=\"2336\"\n\t\t\t\t\t\t\t\t\t\t\t\tsrc=\"https:\/\/hs.hybclient.com\/wp-content\/uploads\/2026\/03\/share-neel-blue-icon.svg\"\n\t\t\t\t\t\t\t\t\t\t\t\twidth=\"56\"\n\t\t\t\t\t\t\t\t\t\t\t\theight=\"56\"\n\t\t\t\t\t\t\t\t\t\t\t\tsrcset=\"\"\n\t\t\t\t\t\t\t\t\t\t\t\talt=\"ic\u00f4ne de partage bleu neel\"\n\t\t\t\t\t\t\/>\n\t\t\t\t\t\t\t\t<h3 \n\t\tdata-interaction-id=\"1a42df8\" \n\t\tclass=\"e-1a42df8-1855341 e-heading-base\" \n\t\t \n\t\tdata-e-type=\"widget\" data-id=\"1a42df8\"\n\t>\n\t\n\t\t\t<strong>Planifier un appel<\/strong>\n\t\t<\/h3>\n\t\t\t\t\t\t\t\t<p class=\"theme-para e-737b7b2-0ccd9d9 e-paragraph-base\" data-interaction-id=\"737b7b2\"  data-e-type=\"widget\" data-id=\"737b7b2\">\n\t\t\t\t\t\t\t\tR\u00e9servez un cr\u00e9neau qui vous convient et \u00e9changez avec un sp\u00e9cialiste produit\n\t\t\t\t\t<\/p>\n\t\t\t\t\t    \t            <a\n            href=\"#\" target=\"_self\"\n            class=\"no-bg-btn e-button-base\"\n            data-interaction-id=\"49a5e21\"\n             data-e-type=\"widget\" data-id=\"49a5e21\"\n        >\n            Parler \u00e0 notre \u00e9quipe\n        <\/a>\n    \t\t\t\t<\/div>\n\t\t\t\t<\/div>\n\t\t\t\t<\/div>\n\t\t\t\t<div class=\"elementor-element elementor-element-60bc388 e-con e-atomic-element e-div-block-base theme-container e-60bc388-c5e3976\" data-id=\"60bc388\" data-element_type=\"e-div-block\" data-e-type=\"e-div-block\" data-interaction-id=\"60bc388\" data-e-type=\"e-div-block\" data-id=\"60bc388\">\n\t\t\t\t\t\t\t<h2 \n\t\tdata-interaction-id=\"eccda86\" \n\t\tclass=\"e-eccda86-69a80ae section-head e-heading-base\" \n\t\t \n\t\tdata-e-type=\"widget\" data-id=\"eccda86\"\n\t>\n\t\n\t\t\tContact\n\t\t<\/h2>\n\t\t\t\t<div class=\"elementor-element elementor-element-67f51c5 elementor-widget__width-initial elementor-widget elementor-widget-html\" data-id=\"67f51c5\" data-element_type=\"widget\" data-e-type=\"widget\" data-widget_type=\"html.default\">\n\t\t\t\t\t\r\n<div class=\"custom-zoho-form\">\r\n    <form action=\"https:\/\/forms.zohopublic.eu\/hotel-spider\/form\/WPENcontactusform\/formperma\/5TgRe7RqHU8nPkQAPbwsD2AptRj-rlkuLPRqolU4l6U\/htmlRecords\/submit\" name=\"form\" method=\"POST\" accept-charset=\"UTF-8\" enctype=\"multipart\/form-data\" id=\"form\">\r\n\r\n        <input type=\"hidden\" name=\"zf_referrer_name\" value=\"\"><!-- To Track referrals , place the referrer name within the \" \" in the above hidden input field -->\r\n        <input type=\"hidden\" name=\"zf_redirect_url\" value=\"\"><!-- To redirect to a specific page after record submission , place the respective url within the \" \" in the above hidden input field -->\r\n        <input type=\"hidden\" name=\"zc_gad\" value=\"\"><!-- If GCLID is enabled in Zoho CRM Integration, click details of AdWords Ads will be pushed to Zoho CRM -->\r\n        <input type=\"hidden\" name=\"utm_source\" value=\"\">\r\n        <input type=\"hidden\" name=\"utm_medium\" value=\"\">\r\n        <input type=\"hidden\" name=\"utm_campaign\" value=\"\">\r\n        <input type=\"hidden\" name=\"utm_term\" value=\"\">\r\n        <input type=\"hidden\" name=\"utm_content\" value=\"\">\r\n        <div class=\"zf-templateWrapper\">\r\n            <p class=\"zf-frmDesc\">Si vous souhaitez obtenir plus d\u2019informations sur Hotel-Spider, veuillez nous en dire un peu plus\r\n sur votre \u00e9tablissement et nous vous contacterons rapidement. <\/p>\r\n\r\n            <div class=\"form-fields-wrap\">\r\n                <div class=\"input-field full-width\">\r\n                    <label>Quel est le nom de votre \u00e9tablissement ?<em class=\"zf-important\"> *<\/em> <\/label>\r\n                    <input type=\"text\" name=\"SingleLine\" checktype=\"c1\" value=\"\" maxlength=\"255\" fieldtype=\"1\" placeholder=\"H\u00f4tel Schweizerhof\">\r\n                <\/div>\r\n\r\n                <div class=\"input-field \">\r\n\r\n                    <label>Pr\u00e9nom <em class=\"zf-important\"> *<\/em><\/label>\r\n                    <input type=\"text\" maxlength=\"255\" name=\"Name_First\" fieldtype=\"7\" placeholder=\"John\">\r\n                <\/div>\r\n                <div class=\"input-field\">\r\n\r\n                    <label>Nom <em class=\"zf-important\"> *<\/em><\/label>\r\n                    <input type=\"text\" maxlength=\"255\" name=\"Name_Last\" fieldtype=\"7\" placeholder=\"Deo\">\r\n                <\/div>\r\n\r\n                <div class=\"input-field full-width\">\r\n                    <label>\u00c0 quel num\u00e9ro pouvons-nous vous joindre ?<\/label>\r\n                    <div id=\"phone_field\"><\/div>\r\n                    <div class=\"phone-wrapper\">\r\n\r\n  <!-- Country Code -->\r\n  <select id=\"country_code\" name=\"PhoneNumber_countrycodeval\">\r\n    <option value=\"+91\">\ud83c\uddee\ud83c\uddf3 +91<\/option>\r\n    <option value=\"+1\">\ud83c\uddfa\ud83c\uddf8 +1<\/option>\r\n    <option value=\"+44\">\ud83c\uddec\ud83c\udde7 +44<\/option>\r\n  <\/select>\r\n\r\n  <!-- Phone Number --> \r\n  <input type=\"text\" compname=\"PhoneNumber\" name=\"PhoneNumber_countrycode\" maxlength=\"20\" checktype=\"c7\" value=\"\" phoneformat=\"1\" iscountrycodeenabled=\"true\" fieldtype=\"11\" id=\"international_PhoneNumber_countrycode\" valtype=\"number\" phoneformattype=\"2\" placeholder=\"0223600370\">\r\n\r\n<\/div>\r\n                <\/div>\r\n\r\n\r\n                <div class=\"input-field full-width\">\r\n                    <label>\u00c0 quelle adresse e-mail devons-nous vous \u00e9crire ? <em class=\"zf-important\"> *<\/em> <\/label>\r\n                    <input type=\"text\" name=\"Email\" checktype=\"c5\" value=\"\" maxlength=\"255\" fieldtype=\"9\" placeholder=\"john.doe@myhotel.com\">\r\n                <\/div>\r\n            <\/div>\r\n\r\n            <button type=\"submit\" class=\" pricing-yellow-btn \">Envoyer <img decoding=\"async\" src=\"\/wp-content\/uploads\/2026\/03\/arrow-right-icon.svg\" alt=\"ic\u00f4ne\"><\/button>\r\n        <\/div>\r\n    <\/form>\r\n<\/div>\t\t\t\t<\/div>\n\t\t\t\t<\/div>\n\t\t\t\t<\/div>\n\t\t\t\t<div class=\"elementor-element elementor-element-0959723 e-con e-atomic-element e-div-block-base theme-section e-0959723-2873c68\" data-id=\"0959723\" data-element_type=\"e-div-block\" data-e-type=\"e-div-block\" data-interaction-id=\"0959723\" data-e-type=\"e-div-block\" data-id=\"0959723\">\n\t\t\t\t<div class=\"elementor-element elementor-element-e94876f e-con e-atomic-element e-div-block-base theme-container e-e94876f-625a200\" data-id=\"e94876f\" data-element_type=\"e-div-block\" data-e-type=\"e-div-block\" data-interaction-id=\"e94876f\" data-e-type=\"e-div-block\" data-id=\"e94876f\">\n\t\t\t\t\t\t\t<h2 \n\t\tdata-interaction-id=\"13fc663\" \n\t\tclass=\"e-13fc663-3fbbc97 section-head e-heading-base\" \n\t\t \n\t\tdata-e-type=\"widget\" data-id=\"13fc663\"\n\t>\n\t\n\t\t\t<strong>Vous pr\u00e9f\u00e9rez un autre moyen de nous contacter ?<\/strong>\n\t\t<\/h2>\n\t\t\t\t\t\t\t\t<p class=\"theme-para e-10d5ca4-161b241 e-paragraph-base\" data-interaction-id=\"10d5ca4\"  data-e-type=\"widget\" data-id=\"10d5ca4\">\n\t\t\t\t\t\t\t\tLes h\u00f4tels choisissent Hotel-Spider non seulement pour la technologie, mais aussi pour la confiance :\n\t\t\t\t\t<\/p>\n\t\t<div class=\"elementor-element elementor-element-8f34874 e-grid e-con-full e-con e-parent\" data-id=\"8f34874\" data-element_type=\"container\" data-e-type=\"container\">\n\t\t\t\t<div class=\"elementor-element elementor-element-939ad0c e-con e-atomic-element e-div-block-base e-939ad0c-95dc6f5\" data-id=\"939ad0c\" data-element_type=\"e-div-block\" data-e-type=\"e-div-block\" data-interaction-id=\"939ad0c\" data-e-type=\"e-div-block\" data-id=\"939ad0c\">\n\t\t\t\t\t\t\t\n\t\t\t<img class=\"e-image-base e-bc03e20-bd5976b\" \n\t\t\t\t\tdata-interaction-id=\"bc03e20\" \n\t\t \n\t\t data-e-type=\"widget\" data-id=\"bc03e20\"\n\t\t\t\t\t\t\t\t\tid=\"2337\"\n\t\t\t\t\t\t\t\t\t\t\t\tsrc=\"https:\/\/hs.hybclient.com\/wp-content\/uploads\/2026\/03\/chat-neel-blue-icon.svg\"\n\t\t\t\t\t\t\t\t\t\t\t\twidth=\"56\"\n\t\t\t\t\t\t\t\t\t\t\t\theight=\"56\"\n\t\t\t\t\t\t\t\t\t\t\t\tsrcset=\"\"\n\t\t\t\t\t\t\t\t\t\t\t\talt=\"ic\u00f4ne de chat bleu neel\"\n\t\t\t\t\t\t\/>\n\t\t\t\t\t\t\t\t<h3 \n\t\tdata-interaction-id=\"8869024\" \n\t\tclass=\"e-8869024-5766cec e-heading-base\" \n\t\t \n\t\tdata-e-type=\"widget\" data-id=\"8869024\"\n\t>\n\t\n\t\t\t<strong>Chat en direct<\/strong>\n\t\t<\/h3>\n\t\t\t\t\t\t\t\t<p class=\"theme-para e-paragraph-base\" data-interaction-id=\"411516f\"  data-e-type=\"widget\" data-id=\"411516f\">\n\t\t\t\t\t\t\t\tPour les clients actuels : acc\u00e9dez au support par chat en direct directement depuis votre tableau de bord\n\t\t\t\t\t<\/p>\n\t\t\t\t<\/div>\n\t\t\t\t<div class=\"elementor-element elementor-element-05b1a00 e-con e-atomic-element e-div-block-base e-05b1a00-d73c773\" data-id=\"05b1a00\" data-element_type=\"e-div-block\" data-e-type=\"e-div-block\" data-interaction-id=\"05b1a00\" data-e-type=\"e-div-block\" data-id=\"05b1a00\">\n\t\t\t\t\t\t\t\n\t\t\t<img class=\"e-image-base e-c684107-b92cd32\" \n\t\t\t\t\tdata-interaction-id=\"c684107\" \n\t\t \n\t\t data-e-type=\"widget\" data-id=\"c684107\"\n\t\t\t\t\t\t\t\t\tid=\"2338\"\n\t\t\t\t\t\t\t\t\t\t\t\tsrc=\"https:\/\/hs.hybclient.com\/wp-content\/uploads\/2026\/03\/call-neel-blue-icon.svg\"\n\t\t\t\t\t\t\t\t\t\t\t\twidth=\"56\"\n\t\t\t\t\t\t\t\t\t\t\t\theight=\"56\"\n\t\t\t\t\t\t\t\t\t\t\t\tsrcset=\"\"\n\t\t\t\t\t\t\t\t\t\t\t\talt=\"ic\u00f4ne d\u2019appel bleu neel\"\n\t\t\t\t\t\t\/>\n\t\t\t\t\t\t\t\t<h3 \n\t\tdata-interaction-id=\"2dccf2d\" \n\t\tclass=\"e-2dccf2d-c3c662f e-heading-base\" \n\t\t \n\t\tdata-e-type=\"widget\" data-id=\"2dccf2d\"\n\t>\n\t\n\t\t\t<strong>Planifier un appel<\/strong>\n\t\t<\/h3>\n\t\t\t\t\t\t\t\t<p class=\"theme-para e-paragraph-base\" data-interaction-id=\"791f0d9\"  data-e-type=\"widget\" data-id=\"791f0d9\">\n\t\t\t\t\t\t\t\tR\u00e9servez un cr\u00e9neau qui vous convient et \u00e9changez avec un sp\u00e9cialiste produit\n\t\t\t\t\t<\/p>\n\t\t\t\t<\/div>\n\t\t\t\t<div class=\"elementor-element elementor-element-592cacd e-con e-atomic-element e-div-block-base e-592cacd-d9c6de1\" data-id=\"592cacd\" data-element_type=\"e-div-block\" data-e-type=\"e-div-block\" data-interaction-id=\"592cacd\" data-e-type=\"e-div-block\" data-id=\"592cacd\">\n\t\t\t\t\t\t\t\n\t\t\t<img class=\"e-image-base e-16e2956-cf6cd76\" \n\t\t\t\t\tdata-interaction-id=\"16e2956\" \n\t\t \n\t\t data-e-type=\"widget\" data-id=\"16e2956\"\n\t\t\t\t\t\t\t\t\tid=\"2339\"\n\t\t\t\t\t\t\t\t\t\t\t\tsrc=\"https:\/\/hs.hybclient.com\/wp-content\/uploads\/2026\/03\/location-pointer-neel-blue-icon.svg\"\n\t\t\t\t\t\t\t\t\t\t\t\twidth=\"56\"\n\t\t\t\t\t\t\t\t\t\t\t\theight=\"56\"\n\t\t\t\t\t\t\t\t\t\t\t\tsrcset=\"\"\n\t\t\t\t\t\t\t\t\t\t\t\talt=\"ic\u00f4ne de pointeur de localisation bleu neel\"\n\t\t\t\t\t\t\/>\n\t\t\t\t\t\t\t\t<h3 \n\t\tdata-interaction-id=\"2dab6d5\" \n\t\tclass=\"e-2dab6d5-0abbe71 e-heading-base\" \n\t\t \n\t\tdata-e-type=\"widget\" data-id=\"2dab6d5\"\n\t>\n\t\n\t\t\t<strong>Bureaux r\u00e9gionaux<\/strong>\n\t\t<\/h3>\n\t\t\t\t\t\t\t\t<p class=\"theme-para e-paragraph-base\" data-interaction-id=\"abaddb2\"  data-e-type=\"widget\" data-id=\"abaddb2\">\n\t\t\t\t\t\t\t\tContactez nos repr\u00e9sentants r\u00e9gionaux en Europe et au-del\u00e0\n\t\t\t\t\t<\/p>\n\t\t\t\t<\/div>\n\t\t\t\t<\/div>\n\t\t\t\t<\/div>\n\t\t\t\t<\/div>\n\t\t\t\t<div class=\"elementor-element elementor-element-8e427d9 e-con e-atomic-element e-div-block-base theme-section e-8e427d9-b0b1ded\" data-id=\"8e427d9\" data-element_type=\"e-div-block\" data-e-type=\"e-div-block\" data-interaction-id=\"8e427d9\" data-e-type=\"e-div-block\" data-id=\"8e427d9\">\n\t\t\t\t<div class=\"elementor-element elementor-element-efea985 e-con e-atomic-element e-div-block-base theme-container\" data-id=\"efea985\" data-element_type=\"e-div-block\" data-e-type=\"e-div-block\" data-interaction-id=\"efea985\" data-e-type=\"e-div-block\" data-id=\"efea985\">\n\t\t\t\t\t\t\t<h2 \n\t\tdata-interaction-id=\"60b683f\" \n\t\tclass=\"e-60b683f-34c5e0d section-head e-heading-base\" \n\t\t \n\t\tdata-e-type=\"widget\" data-id=\"60b683f\"\n\t>\n\t\n\t\t\t<strong>Entamons la conversation<\/strong>\n\t\t<\/h2>\n\t\t\t\t\t\t\t\t<p class=\"theme-para e-78c413e-ab6758b e-paragraph-base\" data-interaction-id=\"78c413e\"  data-e-type=\"widget\" data-id=\"78c413e\">\n\t\t\t\t\t\t\t\tCommencez d\u00e8s aujourd\u2019hui \u00e0 g\u00e9n\u00e9rer des r\u00e9servations sans commission gr\u00e2ce \u00e0 un <br>moteur de r\u00e9servation con\u00e7u pour les h\u00f4teliers modernes.\n\t\t\t\t\t<\/p>\n\t\t\t\t<div class=\"elementor-element elementor-element-34e89a4 e-con e-atomic-element e-div-block-base e-34e89a4-a5f15c1\" data-id=\"34e89a4\" data-element_type=\"e-div-block\" data-e-type=\"e-div-block\" data-interaction-id=\"34e89a4\" data-e-type=\"e-div-block\" data-id=\"34e89a4\">\n\t\t\t\t\t    \t            <a\n            href=\"#\" target=\"_self\"\n            class=\"theme-arrow-btn e-b79774f-585d0ab theme-gradient-arrow-btn e-button-base\"\n            data-interaction-id=\"b79774f\"\n             data-e-type=\"widget\" data-id=\"b79774f\"\n        >\n            Demander une d\u00e9mo\n        <\/a>\n    \t\t\t\t\t    \t            <a\n            href=\"#\" target=\"_self\"\n            class=\"theme-arrow-btn e-d9305e0-a33ec57 e-button-base\"\n            data-interaction-id=\"d9305e0\"\n             data-e-type=\"widget\" data-id=\"d9305e0\"\n        >\n            Voir les tarifs\n        <\/a>\n    \t\t\t\t<\/div>\n\t\t\t\t<\/div>\n\t\t\t\t<\/div>\n\t\t\t\t<\/div>\n\t\t","protected":false},"excerpt":{"rendered":"<p>Nous avons tout pr\u00e9vu Que vous ayez besoin d\u2019assistance ou que vous souhaitiez d\u00e9marrer, nous ne sommes qu\u2019\u00e0 une \u00e9tape. Vous utilisez d\u00e9j\u00e0 Hotel-Spider ? Obtenez de l\u2019aide pour votre configuration, votre connectivit\u00e9 ou vos op\u00e9rations au quotidien. Acc\u00e9der au support Planifier un appel R\u00e9servez un cr\u00e9neau qui vous convient et \u00e9changez avec un sp\u00e9cialiste [&hellip;]<\/p>\n","protected":false},"author":2,"featured_media":0,"parent":0,"menu_order":0,"comment_status":"closed","ping_status":"closed","template":"","meta":{"_angie_page":false,"inline_featured_image":false,"footnotes":""},"class_list":["post-2340","page","type-page","status-publish","hentry"],"yoast_head":"<!-- This site is optimized with the Yoast SEO plugin v27.5 - https:\/\/yoast.com\/product\/yoast-seo-wordpress\/ -->\n<title>Contact -<\/title>\n<meta name=\"robots\" content=\"noindex, nofollow\" \/>\n<meta property=\"og:locale\" content=\"fr_FR\" \/>\n<meta property=\"og:type\" content=\"article\" \/>\n<meta property=\"og:title\" content=\"Contact -\" \/>\n<meta property=\"og:description\" content=\"Nous avons tout pr\u00e9vu Que vous ayez besoin d\u2019assistance ou que vous souhaitiez d\u00e9marrer, nous ne sommes qu\u2019\u00e0 une \u00e9tape. Vous utilisez d\u00e9j\u00e0 Hotel-Spider ? Obtenez de l\u2019aide pour votre configuration, votre connectivit\u00e9 ou vos op\u00e9rations au quotidien. Acc\u00e9der au support Planifier un appel R\u00e9servez un cr\u00e9neau qui vous convient et \u00e9changez avec un sp\u00e9cialiste [&hellip;]\" \/>\n<meta property=\"og:url\" content=\"https:\/\/hs.hybclient.com\/fr\/contact\/\" \/>\n<meta property=\"article:modified_time\" content=\"2026-04-22T09:51:55+00:00\" \/>\n<meta property=\"og:image\" content=\"https:\/\/hs.hybclient.com\/wp-content\/uploads\/2026\/03\/Mouse-pointer-neel-blue-icon.svg\" \/>\n<meta name=\"twitter:card\" content=\"summary_large_image\" \/>\n<meta name=\"twitter:label1\" content=\"Dur\u00e9e de lecture estim\u00e9e\" \/>\n\t<meta name=\"twitter:data1\" content=\"1 minute\" \/>\n<script type=\"application\/ld+json\" class=\"yoast-schema-graph\">{\"@context\":\"https:\\\/\\\/schema.org\",\"@graph\":[{\"@type\":\"WebPage\",\"@id\":\"https:\\\/\\\/hs.hybclient.com\\\/fr\\\/contact\\\/\",\"url\":\"https:\\\/\\\/hs.hybclient.com\\\/fr\\\/contact\\\/\",\"name\":\"Contact -\",\"isPartOf\":{\"@id\":\"https:\\\/\\\/hs.hybclient.com\\\/fr\\\/#website\"},\"primaryImageOfPage\":{\"@id\":\"https:\\\/\\\/hs.hybclient.com\\\/fr\\\/contact\\\/#primaryimage\"},\"image\":{\"@id\":\"https:\\\/\\\/hs.hybclient.com\\\/fr\\\/contact\\\/#primaryimage\"},\"thumbnailUrl\":\"https:\\\/\\\/hs.hybclient.com\\\/wp-content\\\/uploads\\\/2026\\\/03\\\/Mouse-pointer-neel-blue-icon.svg\",\"datePublished\":\"2026-03-31T10:55:38+00:00\",\"dateModified\":\"2026-04-22T09:51:55+00:00\",\"breadcrumb\":{\"@id\":\"https:\\\/\\\/hs.hybclient.com\\\/fr\\\/contact\\\/#breadcrumb\"},\"inLanguage\":\"fr-FR\",\"potentialAction\":[{\"@type\":\"ReadAction\",\"target\":[\"https:\\\/\\\/hs.hybclient.com\\\/fr\\\/contact\\\/\"]}]},{\"@type\":\"ImageObject\",\"inLanguage\":\"fr-FR\",\"@id\":\"https:\\\/\\\/hs.hybclient.com\\\/fr\\\/contact\\\/#primaryimage\",\"url\":\"https:\\\/\\\/hs.hybclient.com\\\/wp-content\\\/uploads\\\/2026\\\/03\\\/Mouse-pointer-neel-blue-icon.svg\",\"contentUrl\":\"https:\\\/\\\/hs.hybclient.com\\\/wp-content\\\/uploads\\\/2026\\\/03\\\/Mouse-pointer-neel-blue-icon.svg\"},{\"@type\":\"BreadcrumbList\",\"@id\":\"https:\\\/\\\/hs.hybclient.com\\\/fr\\\/contact\\\/#breadcrumb\",\"itemListElement\":[{\"@type\":\"ListItem\",\"position\":1,\"name\":\"Home\",\"item\":\"https:\\\/\\\/hs.hybclient.com\\\/fr\\\/\"},{\"@type\":\"ListItem\",\"position\":2,\"name\":\"Contact\"}]},{\"@type\":\"WebSite\",\"@id\":\"https:\\\/\\\/hs.hybclient.com\\\/fr\\\/#website\",\"url\":\"https:\\\/\\\/hs.hybclient.com\\\/fr\\\/\",\"name\":\"\",\"description\":\"\",\"potentialAction\":[{\"@type\":\"SearchAction\",\"target\":{\"@type\":\"EntryPoint\",\"urlTemplate\":\"https:\\\/\\\/hs.hybclient.com\\\/fr\\\/?s={search_term_string}\"},\"query-input\":{\"@type\":\"PropertyValueSpecification\",\"valueRequired\":true,\"valueName\":\"search_term_string\"}}],\"inLanguage\":\"fr-FR\"}]}<\/script>\n<!-- \/ Yoast SEO plugin. -->","yoast_head_json":{"title":"Contact -","robots":{"index":"noindex","follow":"nofollow"},"og_locale":"fr_FR","og_type":"article","og_title":"Contact -","og_description":"Nous avons tout pr\u00e9vu Que vous ayez besoin d\u2019assistance ou que vous souhaitiez d\u00e9marrer, nous ne sommes qu\u2019\u00e0 une \u00e9tape. Vous utilisez d\u00e9j\u00e0 Hotel-Spider ? Obtenez de l\u2019aide pour votre configuration, votre connectivit\u00e9 ou vos op\u00e9rations au quotidien. Acc\u00e9der au support Planifier un appel R\u00e9servez un cr\u00e9neau qui vous convient et \u00e9changez avec un sp\u00e9cialiste [&hellip;]","og_url":"https:\/\/hs.hybclient.com\/fr\/contact\/","article_modified_time":"2026-04-22T09:51:55+00:00","og_image":[{"url":"https:\/\/hs.hybclient.com\/wp-content\/uploads\/2026\/03\/Mouse-pointer-neel-blue-icon.svg","type":"","width":"","height":""}],"twitter_card":"summary_large_image","twitter_misc":{"Dur\u00e9e de lecture estim\u00e9e":"1 minute"},"schema":{"@context":"https:\/\/schema.org","@graph":[{"@type":"WebPage","@id":"https:\/\/hs.hybclient.com\/fr\/contact\/","url":"https:\/\/hs.hybclient.com\/fr\/contact\/","name":"Contact -","isPartOf":{"@id":"https:\/\/hs.hybclient.com\/fr\/#website"},"primaryImageOfPage":{"@id":"https:\/\/hs.hybclient.com\/fr\/contact\/#primaryimage"},"image":{"@id":"https:\/\/hs.hybclient.com\/fr\/contact\/#primaryimage"},"thumbnailUrl":"https:\/\/hs.hybclient.com\/wp-content\/uploads\/2026\/03\/Mouse-pointer-neel-blue-icon.svg","datePublished":"2026-03-31T10:55:38+00:00","dateModified":"2026-04-22T09:51:55+00:00","breadcrumb":{"@id":"https:\/\/hs.hybclient.com\/fr\/contact\/#breadcrumb"},"inLanguage":"fr-FR","potentialAction":[{"@type":"ReadAction","target":["https:\/\/hs.hybclient.com\/fr\/contact\/"]}]},{"@type":"ImageObject","inLanguage":"fr-FR","@id":"https:\/\/hs.hybclient.com\/fr\/contact\/#primaryimage","url":"https:\/\/hs.hybclient.com\/wp-content\/uploads\/2026\/03\/Mouse-pointer-neel-blue-icon.svg","contentUrl":"https:\/\/hs.hybclient.com\/wp-content\/uploads\/2026\/03\/Mouse-pointer-neel-blue-icon.svg"},{"@type":"BreadcrumbList","@id":"https:\/\/hs.hybclient.com\/fr\/contact\/#breadcrumb","itemListElement":[{"@type":"ListItem","position":1,"name":"Home","item":"https:\/\/hs.hybclient.com\/fr\/"},{"@type":"ListItem","position":2,"name":"Contact"}]},{"@type":"WebSite","@id":"https:\/\/hs.hybclient.com\/fr\/#website","url":"https:\/\/hs.hybclient.com\/fr\/","name":"","description":"","potentialAction":[{"@type":"SearchAction","target":{"@type":"EntryPoint","urlTemplate":"https:\/\/hs.hybclient.com\/fr\/?s={search_term_string}"},"query-input":{"@type":"PropertyValueSpecification","valueRequired":true,"valueName":"search_term_string"}}],"inLanguage":"fr-FR"}]}},"_links":{"self":[{"href":"https:\/\/hs.hybclient.com\/fr\/wp-json\/wp\/v2\/pages\/2340","targetHints":{"allow":["GET"]}}],"collection":[{"href":"https:\/\/hs.hybclient.com\/fr\/wp-json\/wp\/v2\/pages"}],"about":[{"href":"https:\/\/hs.hybclient.com\/fr\/wp-json\/wp\/v2\/types\/page"}],"author":[{"embeddable":true,"href":"https:\/\/hs.hybclient.com\/fr\/wp-json\/wp\/v2\/users\/2"}],"replies":[{"embeddable":true,"href":"https:\/\/hs.hybclient.com\/fr\/wp-json\/wp\/v2\/comments?post=2340"}],"version-history":[{"count":1,"href":"https:\/\/hs.hybclient.com\/fr\/wp-json\/wp\/v2\/pages\/2340\/revisions"}],"predecessor-version":[{"id":2341,"href":"https:\/\/hs.hybclient.com\/fr\/wp-json\/wp\/v2\/pages\/2340\/revisions\/2341"}],"wp:attachment":[{"href":"https:\/\/hs.hybclient.com\/fr\/wp-json\/wp\/v2\/media?parent=2340"}],"curies":[{"name":"wp","href":"https:\/\/api.w.org\/{rel}","templated":true}]}}